{"id":502,"date":"2022-03-29T13:30:00","date_gmt":"2022-03-29T04:30:00","guid":{"rendered":"http:\/\/sample.bizvektor.com\/?page_id=502"},"modified":"2022-06-01T01:03:57","modified_gmt":"2022-05-31T16:03:57","slug":"flow","status":"publish","type":"page","link":"https:\/\/you-i.academy\/vn\/flow\/","title":{"rendered":"Quy tr\u00ecnh cho \u0111\u1ebfn khi v\u00e0o h\u1ecdc"},"content":{"rendered":"\n<h3>Kho\u00e1 h\u1ecdc<\/h3>\n\n\n\n<div class=\"tableradius\"><figure class=\"wp-block-table\"><table class=\"lessonprice\"><tbody><tr><th class=\"lessonbasic\">Kho\u00e1 JFT basic<\/th><th class=\"lesson-n\">Kho\u00e1 h\u1ecdc JLPT N4<\/th><\/tr><tr><td>Kho\u00e1 \u0110\u1ed7 JFT Basic 200 \u0111i\u1ec3m<\/td><td class=\"gray\">Kho\u00e1 h\u1ecdc \u0111\u1ed7 k\u1ef3 thi n\u0103ng l\u1ef1c Nh\u1eadt ng\u1eef JLPT N4<\/td><\/tr><tr><td>S\u1ed1 bu\u1ed5i h\u1ecdc \uff1a10 bu\u1ed5i \uff08tu\u1ea7n 1 bu\u1ed5i trong 3 th\u00e1ng\uff09<\/td><td class=\"gray\">S\u1ed1 bu\u1ed5i h\u1ecdc \uff1a10 bu\u1ed5i \uff08 tu\u1ea7n 1 bu\u1ed5i trong 3 th\u00e1ng\uff09<\/td><\/tr><tr><td>L\u1edbp h\u1ecdc theo nh\u00f3m \uff1a10.000 y\u00ean<br>L\u1edbp h\u1ecdc ri\u00eang\uff1a30.000 y\u00ean<\/td><td class=\"gray\">L\u1edbp h\u1ecdc theo nh\u00f3m \uff1a10.000 y\u00ean <br>L\u1edbp h\u1ecdc ri\u00eang\uff1a30.000 y\u00ean<\/td><\/tr><\/tbody><\/table><\/figure><\/div>\n\n\n\n<h3>Quy tr\u00ecnh cho \u0111\u1ebfn khi v\u00e0o h\u1ecdc<\/h3>\n\n\n\n<figure class=\"wp-block-image size-large\"><img loading=\"lazy\" width=\"1024\" height=\"112\" src=\"https:\/\/you-i.academy\/vn\/wp-content\/uploads\/2022\/05\/lessonflow_vn-1024x112.jpg\" alt=\"\" class=\"wp-image-2586\" srcset=\"https:\/\/you-i.academy\/vn\/wp-content\/uploads\/2022\/05\/lessonflow_vn-1024x112.jpg 1024w, https:\/\/you-i.academy\/vn\/wp-content\/uploads\/2022\/05\/lessonflow_vn-300x33.jpg 300w, https:\/\/you-i.academy\/vn\/wp-content\/uploads\/2022\/05\/lessonflow_vn-768x84.jpg 768w, https:\/\/you-i.academy\/vn\/wp-content\/uploads\/2022\/05\/lessonflow_vn.jpg 1063w\" sizes=\"(max-width: 1024px) 100vw, 1024px\" \/><\/figure>\n\n\n\n<p class=\"has-text-align-center sp-txt-left\">Nh\u00e2n vi\u00ean c\u1ee7a ch\u00fang t\u00f4i s\u1ebd li\u00ean h\u1ec7 v\u1edbi b\u1ea1n khi b\u1ea1n ch\u1ecdn kh\u00f3a h\u1ecdc t\u1eeb trang web ch\u00ednh th\u1ee9c v\u00e0 \u0111\u0103ng k\u00fd.<br>Sau khi x\u00e1c nh\u1eadn n\u1ed9i dung b\u00e0i h\u1ecdc, \u0111i\u1ec1u ch\u1ec9nh l\u1ecbch h\u1ecdc s\u1ebd b\u1eaft \u0111\u1ea7u bu\u1ed5i h\u1ecdc.<\/p>\n\n\n\n<figure class=\"wp-block-image size-large\"><img loading=\"lazy\" width=\"1024\" height=\"373\" src=\"https:\/\/you-i.academy\/vn\/wp-content\/uploads\/2022\/04\/lesson02-1024x373.png\" alt=\"\" class=\"wp-image-2334\" srcset=\"https:\/\/you-i.academy\/vn\/wp-content\/uploads\/2022\/04\/lesson02-1024x373.png 1024w, https:\/\/you-i.academy\/vn\/wp-content\/uploads\/2022\/04\/lesson02-300x109.png 300w, https:\/\/you-i.academy\/vn\/wp-content\/uploads\/2022\/04\/lesson02-768x280.png 768w, https:\/\/you-i.academy\/vn\/wp-content\/uploads\/2022\/04\/lesson02.png 1078w\" sizes=\"(max-width: 1024px) 100vw, 1024px\" \/><\/figure>\n\n\n\n<div class=\"wp-block-vk-blocks-spacer vk_spacer\"><div class=\"vk_spacer-display-pc\" style=\"height:40px\"><\/div><div class=\"vk_spacer-display-tablet\" style=\"height:30px\"><\/div><div class=\"vk_spacer-display-mobile\" style=\"height:20px\"><\/div><\/div>\n\n\n\n<div class=\"wp-block-media-text is-stacked-on-mobile txt-r\" style=\"grid-template-columns:40% auto\"><figure class=\"wp-block-media-text__media\"><img loading=\"lazy\" width=\"500\" height=\"333\" src=\"https:\/\/you-i.academy\/vn\/wp-content\/uploads\/2022\/04\/flow01.jpg\" alt=\"\" class=\"wp-image-2470 size-full\" srcset=\"https:\/\/you-i.academy\/vn\/wp-content\/uploads\/2022\/04\/flow01.jpg 500w, https:\/\/you-i.academy\/vn\/wp-content\/uploads\/2022\/04\/flow01-300x200.jpg 300w\" sizes=\"(max-width: 500px) 100vw, 500px\" \/><\/figure><div class=\"wp-block-media-text__content\">\n<div class=\"wp-block-vk-blocks-heading\" id=\"vision\"><div class=\"vk_heading vk_heading-style-plain\"><h4 style=\"color:#000000;font-size:2rem;margin-bottom:0rem;text-align:left\" class=\"vk_heading_title vk_heading_title-style-plain\"><span>\u0110\u0103ng k\u00fd<\/span><\/h4><\/div><\/div>\n\n\n\n<p class=\"has-normal-font-size\">Sau khi x\u00e1c nh\u1eadn kh\u00f3a h\u1ecdc t\u1ea1i YOU-I ACADEMY, vui l\u00f2ng \u0111\u0103ng k\u00fd t\u1eeb trang h\u1ecfi \u0111\u00e1p b\u00ean d\u01b0\u1edbi.<br>\u2460Kh\u00f3a h\u1ecdc c\u01a1 b\u1ea3n v\u1ec1 JFT<br>\u2461Kh\u00f3a h\u1ecdc JLPT N4<\/p>\n\n\n\n<p>\u203b<a href=\"https:\/\/you-i.academy\/vn\/contactus\/\">\u0110\u0103ng k\u00fd t\u1ea1i \u0111\u00e2y<\/a><\/p>\n<\/div><\/div>\n\n\n\n<div class=\"wp-block-vk-blocks-spacer vk_spacer\"><div class=\"vk_spacer-display-pc\" style=\"height:40px\"><\/div><div class=\"vk_spacer-display-tablet\" style=\"height:30px\"><\/div><div class=\"vk_spacer-display-mobile\" style=\"height:20px\"><\/div><\/div>\n\n\n\n<div class=\"wp-block-media-text is-stacked-on-mobile txt-r\" style=\"grid-template-columns:40% auto\"><figure class=\"wp-block-media-text__media\"><img loading=\"lazy\" width=\"500\" height=\"333\" src=\"https:\/\/you-i.academy\/vn\/wp-content\/uploads\/2022\/04\/flow02.jpg\" alt=\"\" class=\"wp-image-2471 size-full\" srcset=\"https:\/\/you-i.academy\/vn\/wp-content\/uploads\/2022\/04\/flow02.jpg 500w, https:\/\/you-i.academy\/vn\/wp-content\/uploads\/2022\/04\/flow02-300x200.jpg 300w\" sizes=\"(max-width: 500px) 100vw, 500px\" \/><\/figure><div class=\"wp-block-media-text__content\">\n<div class=\"wp-block-vk-blocks-heading\" id=\"vision\"><div class=\"vk_heading vk_heading-style-plain\"><h4 style=\"color:#000000;font-size:2rem;margin-bottom:0rem;text-align:left\" class=\"vk_heading_title vk_heading_title-style-plain\"><span>Thanh to\u00e1n<\/span><\/h4><\/div><\/div>\n\n\n\n<p class=\"has-normal-font-size\">Khi b\u1ea1n \u0111\u0103ng k\u00fd , nh\u00e2n vi\u00ean YOU-I ACADEMY s\u1ebd th\u00f4ng b\u00e1o cho b\u1ea1n ph\u01b0\u01a1ng th\u1ee9c thanh to\u00e1n. Ch\u00fang t\u00f4i s\u1eed d\u1ee5ng h\u1ec7 th\u1ed1ng thanh to\u00e1n Square v\u00e0 b\u1ea1n c\u00f3 th\u1ec3 thanh to\u00e1n b\u1eb1ng th\u1ebb t\u00edn d\u1ee5ng.<\/p>\n\n\n\n<figure class=\"wp-block-image size-full\"><img loading=\"lazy\" width=\"568\" height=\"59\" src=\"https:\/\/you-i.academy\/vn\/wp-content\/uploads\/2022\/04\/square_creditcard_payment.png\" alt=\"\" class=\"wp-image-2460\" srcset=\"https:\/\/you-i.academy\/vn\/wp-content\/uploads\/2022\/04\/square_creditcard_payment.png 568w, https:\/\/you-i.academy\/vn\/wp-content\/uploads\/2022\/04\/square_creditcard_payment-300x31.png 300w\" sizes=\"(max-width: 568px) 100vw, 568px\" \/><\/figure>\n<\/div><\/div>\n\n\n\n<div class=\"wp-block-vk-blocks-spacer vk_spacer\"><div class=\"vk_spacer-display-pc\" style=\"height:40px\"><\/div><div class=\"vk_spacer-display-tablet\" style=\"height:30px\"><\/div><div class=\"vk_spacer-display-mobile\" style=\"height:20px\"><\/div><\/div>\n\n\n\n<div class=\"wp-block-media-text is-stacked-on-mobile txt-r\" style=\"grid-template-columns:40% auto\"><figure class=\"wp-block-media-text__media\"><img loading=\"lazy\" width=\"500\" height=\"333\" src=\"https:\/\/you-i.academy\/vn\/wp-content\/uploads\/2022\/04\/flow03.jpg\" alt=\"\" class=\"wp-image-2472 size-full\" srcset=\"https:\/\/you-i.academy\/vn\/wp-content\/uploads\/2022\/04\/flow03.jpg 500w, https:\/\/you-i.academy\/vn\/wp-content\/uploads\/2022\/04\/flow03-300x200.jpg 300w\" sizes=\"(max-width: 500px) 100vw, 500px\" \/><\/figure><div class=\"wp-block-media-text__content\">\n<div class=\"wp-block-vk-blocks-heading\" id=\"vision\"><div class=\"vk_heading vk_heading-style-plain\"><h4 style=\"color:#000000;font-size:2rem;margin-bottom:0rem;text-align:left\" class=\"vk_heading_title vk_heading_title-style-plain\"><span>H\u01b0\u1edbng d\u1eabn tr\u01b0\u1edbc<\/span><\/h4><\/div><\/div>\n\n\n\n<p class=\"has-normal-font-size\">Gi\u1ea3ng vi\u00ean s\u1ebd th\u00f4ng b\u00e1o n\u1ed9i dung kh\u00f3a h\u1ecdc v\u00e0 l\u1ecbch h\u1ecdc theo n\u1ed9i dung kh\u00f3a h\u1ecdc ti\u1ebfng Nh\u1eadt b\u1ea1n \u0111\u00e3 ch\u1ecdn. C\u00f9ng h\u1ecdc vi\u00ean th\u1ea3o lu\u1eadn, \u200bc\u00f3 th\u1ec3 \u0111i\u1ec1u ch\u1ec9nh n\u1ed9i dung, l\u1ecbch h\u1ecdc , n\u00ean c\u00e1c b\u1ea1n c\u1ee9 tho\u1ea3i m\u00e3i trao \u0111\u1ed5i nh\u00e9.<\/p>\n<\/div><\/div>\n\n\n\n<div class=\"wp-block-vk-blocks-spacer vk_spacer\"><div class=\"vk_spacer-display-pc\" style=\"height:40px\"><\/div><div class=\"vk_spacer-display-tablet\" style=\"height:30px\"><\/div><div class=\"vk_spacer-display-mobile\" style=\"height:20px\"><\/div><\/div>\n\n\n\n<div class=\"wp-block-media-text is-stacked-on-mobile txt-r\" style=\"grid-template-columns:40% auto\"><figure class=\"wp-block-media-text__media\"><img loading=\"lazy\" width=\"500\" height=\"333\" src=\"https:\/\/you-i.academy\/vn\/wp-content\/uploads\/2022\/04\/flow04.jpg\" alt=\"\" class=\"wp-image-2473 size-full\" srcset=\"https:\/\/you-i.academy\/vn\/wp-content\/uploads\/2022\/04\/flow04.jpg 500w, https:\/\/you-i.academy\/vn\/wp-content\/uploads\/2022\/04\/flow04-300x200.jpg 300w\" sizes=\"(max-width: 500px) 100vw, 500px\" \/><\/figure><div class=\"wp-block-media-text__content\">\n<div class=\"wp-block-vk-blocks-heading\" id=\"vision\"><div class=\"vk_heading vk_heading-style-plain\"><h4 style=\"color:#000000;font-size:2rem;margin-bottom:0rem;text-align:left\" class=\"vk_heading_title vk_heading_title-style-plain\"><span>B\u1eaft \u0111\u1ea7u h\u1ecdc<\/span><\/h4><\/div><\/div>\n\n\n\n<p class=\"has-normal-font-size\">Sau khi \u0111\u00e3 \u0111\u1ecbnh ng\u00e0y, s\u1ebd b\u1eaft \u0111\u1ea7u c\u00e1c b\u00e0i h\u1ecdc tr\u1ef1c tuy\u1ebfn v\u1edbi Zoom. Tr\u01b0\u1edbc \u0111\u00f3 b\u1ea1n vui l\u00f2ng ki\u1ec3m tra m\u00f4i tr\u01b0\u1eddng internet . Vi\u1ec7c h\u1ecdc ng\u00f4n ng\u1eef di\u1ec5n ra \u0111\u1ec1u \u0111\u1eb7n t\u1eebng ch\u00fat m\u1ed9t v\u00e0 t\u1ed1n nhi\u1ec1u th\u1eddi gian. YOU-I ACADEMY kh\u00f4ng ch\u1ec9 d\u1ea1y ti\u1ebfng Nh\u1eadt b\u1eb1ng ng\u00f4n ng\u1eef m\u1eb9 \u0111\u1ebb c\u1ee7a b\u1ea1n, m\u00e0 c\u00f2n mu\u1ed1n tr\u1edf th\u00e0nh \u0111\u1ed1i t\u00e1c theo d\u00f5i v\u00e0 h\u1ed7 tr\u1ee3 s\u1ef1 tr\u01b0\u1edfng th\u00e0nh tr\u00ean con \u0111\u01b0\u1eddng h\u1ecdc t\u1eadp c\u1ee7a b\u1ea1n.<\/p>\n<\/div><\/div>\n\n\n\n<div class=\"wp-block-vk-blocks-spacer vk_spacer\"><div class=\"vk_spacer-display-pc\" style=\"height:40px\"><\/div><div class=\"vk_spacer-display-tablet\" style=\"height:30px\"><\/div><div class=\"vk_spacer-display-mobile\" style=\"height:20px\"><\/div><\/div>\n\n\n\n<div class=\"wp-block-cover alignfull is-light heigh-0\"><span aria-hidden=\"true\" class=\"has-background-dim-100 wp-block-cover__gradient-background has-background-dim\" style=\"background-color:#618cc3\"><\/span><div class=\"wp-block-cover__inner-container\">\n<div class=\"wp-container-1 wp-block-buttons\">\n<div class=\"wp-block-button aligncenter\"><a class=\"wp-block-button__link\" href=\"https:\/\/you-i.academy\/vn\/trial\/\">\u1ee8ng d\u1ee5ng<\/a><\/div>\n<\/div>\n\n\n\n<p class=\"has-text-align-center\"><\/p>\n<\/div><\/div>\n\n\n\n<div class=\"wp-container-2 wp-block-buttons\"><\/div>\n\n\n\n<p><\/p>\n","protected":false},"excerpt":{"rendered":"<p>\u30c6\u30ad\u30b9\u30c8\u306e\u88c5\u98fe\u306a\u3069\u30b5\u30f3\u30d7\u30eb\u306eHTML\u3092\u8a18\u8f09\u3057\u3066\u3044\u307e\u3059\u3002\u30da\u30fc\u30b8\u4f5c\u6210\u306e\u969b\u306b\u53c2\u8003\u306b\u3057\u3066\u304f\u3060\u3055\u3044\u3002<\/p>\n","protected":false},"author":10,"featured_media":0,"parent":0,"menu_order":8,"comment_status":"closed","ping_status":"closed","template":"","meta":[],"_links":{"self":[{"href":"https:\/\/you-i.academy\/vn\/wp-json\/wp\/v2\/pages\/502"}],"collection":[{"href":"https:\/\/you-i.academy\/vn\/wp-json\/wp\/v2\/pages"}],"about":[{"href":"https:\/\/you-i.academy\/vn\/wp-json\/wp\/v2\/types\/page"}],"author":[{"embeddable":true,"href":"https:\/\/you-i.academy\/vn\/wp-json\/wp\/v2\/users\/10"}],"replies":[{"embeddable":true,"href":"https:\/\/you-i.academy\/vn\/wp-json\/wp\/v2\/comments?post=502"}],"version-history":[{"count":35,"href":"https:\/\/you-i.academy\/vn\/wp-json\/wp\/v2\/pages\/502\/revisions"}],"predecessor-version":[{"id":2599,"href":"https:\/\/you-i.academy\/vn\/wp-json\/wp\/v2\/pages\/502\/revisions\/2599"}],"wp:attachment":[{"href":"https:\/\/you-i.academy\/vn\/wp-json\/wp\/v2\/media?parent=502"}],"curies":[{"name":"wp","href":"https:\/\/api.w.org\/{rel}","templated":true}]}}